{"id":812,"date":"2024-02-14T12:29:30","date_gmt":"2024-02-14T12:29:30","guid":{"rendered":"https:\/\/grupodanigarcia.com\/aleli\/home\/budapest\/"},"modified":"2024-08-26T07:31:30","modified_gmt":"2024-08-26T07:31:30","slug":"budapest","status":"publish","type":"page","link":"https:\/\/grupodanigarcia.com\/aleli\/en\/budapest\/","title":{"rendered":"Alel\u00ed Budapest (coming soon)"},"content":{"rendered":"","protected":false},"excerpt":{"rendered":"","protected":false},"author":6,"featured_media":802,"parent":255,"menu_order":0,"comment_status":"closed","ping_status":"closed","template":"template-site.php","meta":{"inline_featured_image":false,"footnotes":""},"class_list":["post-812","page","type-page","status-publish","has-post-thumbnail","hentry"],"acf":[],"yoast_head":"<!-- This site is optimized with the Yoast SEO plugin v21.7 - https:\/\/yoast.com\/wordpress\/plugins\/seo\/ -->\n<title>Alel\u00ed Budapest Dani Garc\u00eda | Italian Restaurant<\/title>\n<meta name=\"description\" content=\"Alel\u00ed is a little piece of Italy embedded in Puente Romano, Marbella. A typical Italian osteria where you can enjoy these Italian dishes.\" \/>\n<meta name=\"robots\" content=\"index, follow, max-snippet:-1, max-image-preview:large, max-video-preview:-1\" \/>\n<link rel=\"canonical\" href=\"https:\/\/grupodanigarcia.com\/aleli\/en\/budapest\/\" \/>\n<meta property=\"og:locale\" content=\"en_US\" \/>\n<meta property=\"og:type\" content=\"article\" \/>\n<meta property=\"og:title\" content=\"Alel\u00ed Budapest Dani Garc\u00eda | Italian Restaurant\" \/>\n<meta property=\"og:description\" content=\"Alel\u00ed is a little piece of Italy embedded in Puente Romano, Marbella. A typical Italian osteria where you can enjoy these Italian dishes.\" \/>\n<meta property=\"og:url\" content=\"https:\/\/grupodanigarcia.com\/aleli\/en\/budapest\/\" \/>\n<meta property=\"og:site_name\" content=\"Alel\u00ed\" \/>\n<meta property=\"article:modified_time\" content=\"2024-08-26T07:31:30+00:00\" \/>\n<meta property=\"og:image\" content=\"https:\/\/grupodanigarcia.com\/aleli\/wp-content\/uploads\/sites\/8\/2024\/01\/Diseno-sin-titulo-4.png\" \/>\n\t<meta property=\"og:image:width\" content=\"416\" \/>\n\t<meta property=\"og:image:height\" content=\"208\" \/>\n\t<meta property=\"og:image:type\" content=\"image\/png\" \/>\n<meta name=\"twitter:card\" content=\"summary_large_image\" \/>\n<script type=\"application\/ld+json\" class=\"yoast-schema-graph\">{\"@context\":\"https:\/\/schema.org\",\"@graph\":[{\"@type\":\"WebPage\",\"@id\":\"https:\/\/grupodanigarcia.com\/aleli\/en\/budapest\/\",\"url\":\"https:\/\/grupodanigarcia.com\/aleli\/en\/budapest\/\",\"name\":\"Alel\u00ed Budapest Dani Garc\u00eda | Italian Restaurant\",\"isPartOf\":{\"@id\":\"https:\/\/grupodanigarcia.com\/aleli\/en\/#website\"},\"datePublished\":\"2024-02-14T12:29:30+00:00\",\"dateModified\":\"2024-08-26T07:31:30+00:00\",\"description\":\"Alel\u00ed is a little piece of Italy embedded in Puente Romano, Marbella. A typical Italian osteria where you can enjoy these Italian dishes.\",\"breadcrumb\":{\"@id\":\"https:\/\/grupodanigarcia.com\/aleli\/en\/budapest\/#breadcrumb\"},\"inLanguage\":\"en-US\",\"potentialAction\":[{\"@type\":\"ReadAction\",\"target\":[\"https:\/\/grupodanigarcia.com\/aleli\/en\/budapest\/\"]}]},{\"@type\":\"BreadcrumbList\",\"@id\":\"https:\/\/grupodanigarcia.com\/aleli\/en\/budapest\/#breadcrumb\",\"itemListElement\":[{\"@type\":\"ListItem\",\"position\":1,\"name\":\"Portada\",\"item\":\"https:\/\/grupodanigarcia.com\/aleli\/en\/\"},{\"@type\":\"ListItem\",\"position\":2,\"name\":\"Alel\u00ed\",\"item\":\"https:\/\/grupodanigarcia.com\/aleli\/en\/\"},{\"@type\":\"ListItem\",\"position\":3,\"name\":\"Alel\u00ed Budapest (coming soon)\"}]},{\"@type\":\"WebSite\",\"@id\":\"https:\/\/grupodanigarcia.com\/aleli\/en\/#website\",\"url\":\"https:\/\/grupodanigarcia.com\/aleli\/en\/\",\"name\":\"Alel\u00ed\",\"description\":\"Otro sitio m\u00e1s de Grupo Dani Garcia sitios\",\"potentialAction\":[{\"@type\":\"SearchAction\",\"target\":{\"@type\":\"EntryPoint\",\"urlTemplate\":\"https:\/\/grupodanigarcia.com\/aleli\/en\/?s={search_term_string}\"},\"query-input\":\"required name=search_term_string\"}],\"inLanguage\":\"en-US\"}]}<\/script>\n<!-- \/ Yoast SEO plugin. -->","yoast_head_json":{"title":"Alel\u00ed Budapest Dani Garc\u00eda | Italian Restaurant","description":"Alel\u00ed is a little piece of Italy embedded in Puente Romano, Marbella. A typical Italian osteria where you can enjoy these Italian dishes.","robots":{"index":"index","follow":"follow","max-snippet":"max-snippet:-1","max-image-preview":"max-image-preview:large","max-video-preview":"max-video-preview:-1"},"canonical":"https:\/\/grupodanigarcia.com\/aleli\/en\/budapest\/","og_locale":"en_US","og_type":"article","og_title":"Alel\u00ed Budapest Dani Garc\u00eda | Italian Restaurant","og_description":"Alel\u00ed is a little piece of Italy embedded in Puente Romano, Marbella. A typical Italian osteria where you can enjoy these Italian dishes.","og_url":"https:\/\/grupodanigarcia.com\/aleli\/en\/budapest\/","og_site_name":"Alel\u00ed","article_modified_time":"2024-08-26T07:31:30+00:00","og_image":[{"width":416,"height":208,"url":"https:\/\/grupodanigarcia.com\/aleli\/wp-content\/uploads\/sites\/8\/2024\/01\/Diseno-sin-titulo-4.png","type":"image\/png"}],"twitter_card":"summary_large_image","schema":{"@context":"https:\/\/schema.org","@graph":[{"@type":"WebPage","@id":"https:\/\/grupodanigarcia.com\/aleli\/en\/budapest\/","url":"https:\/\/grupodanigarcia.com\/aleli\/en\/budapest\/","name":"Alel\u00ed Budapest Dani Garc\u00eda | Italian Restaurant","isPartOf":{"@id":"https:\/\/grupodanigarcia.com\/aleli\/en\/#website"},"datePublished":"2024-02-14T12:29:30+00:00","dateModified":"2024-08-26T07:31:30+00:00","description":"Alel\u00ed is a little piece of Italy embedded in Puente Romano, Marbella. A typical Italian osteria where you can enjoy these Italian dishes.","breadcrumb":{"@id":"https:\/\/grupodanigarcia.com\/aleli\/en\/budapest\/#breadcrumb"},"inLanguage":"en-US","potentialAction":[{"@type":"ReadAction","target":["https:\/\/grupodanigarcia.com\/aleli\/en\/budapest\/"]}]},{"@type":"BreadcrumbList","@id":"https:\/\/grupodanigarcia.com\/aleli\/en\/budapest\/#breadcrumb","itemListElement":[{"@type":"ListItem","position":1,"name":"Portada","item":"https:\/\/grupodanigarcia.com\/aleli\/en\/"},{"@type":"ListItem","position":2,"name":"Alel\u00ed","item":"https:\/\/grupodanigarcia.com\/aleli\/en\/"},{"@type":"ListItem","position":3,"name":"Alel\u00ed Budapest (coming soon)"}]},{"@type":"WebSite","@id":"https:\/\/grupodanigarcia.com\/aleli\/en\/#website","url":"https:\/\/grupodanigarcia.com\/aleli\/en\/","name":"Alel\u00ed","description":"Otro sitio m\u00e1s de Grupo Dani Garcia sitios","potentialAction":[{"@type":"SearchAction","target":{"@type":"EntryPoint","urlTemplate":"https:\/\/grupodanigarcia.com\/aleli\/en\/?s={search_term_string}"},"query-input":"required name=search_term_string"}],"inLanguage":"en-US"}]}},"_links":{"self":[{"href":"https:\/\/grupodanigarcia.com\/aleli\/en\/wp-json\/wp\/v2\/pages\/812","targetHints":{"allow":["GET"]}}],"collection":[{"href":"https:\/\/grupodanigarcia.com\/aleli\/en\/wp-json\/wp\/v2\/pages"}],"about":[{"href":"https:\/\/grupodanigarcia.com\/aleli\/en\/wp-json\/wp\/v2\/types\/page"}],"author":[{"embeddable":true,"href":"https:\/\/grupodanigarcia.com\/aleli\/en\/wp-json\/wp\/v2\/users\/6"}],"replies":[{"embeddable":true,"href":"https:\/\/grupodanigarcia.com\/aleli\/en\/wp-json\/wp\/v2\/comments?post=812"}],"version-history":[{"count":2,"href":"https:\/\/grupodanigarcia.com\/aleli\/en\/wp-json\/wp\/v2\/pages\/812\/revisions"}],"predecessor-version":[{"id":814,"href":"https:\/\/grupodanigarcia.com\/aleli\/en\/wp-json\/wp\/v2\/pages\/812\/revisions\/814"}],"up":[{"embeddable":true,"href":"https:\/\/grupodanigarcia.com\/aleli\/en\/wp-json\/wp\/v2\/pages\/255"}],"wp:featuredmedia":[{"embeddable":true,"href":"https:\/\/grupodanigarcia.com\/aleli\/en\/wp-json\/wp\/v2\/media\/802"}],"wp:attachment":[{"href":"https:\/\/grupodanigarcia.com\/aleli\/en\/wp-json\/wp\/v2\/media?parent=812"}],"curies":[{"name":"wp","href":"https:\/\/api.w.org\/{rel}","templated":true}]}}