{"id":22507,"date":"2023-12-05T13:07:48","date_gmt":"2023-12-05T12:07:48","guid":{"rendered":"https:\/\/grupodanigarcia.com\/cities\/nuevayork\/"},"modified":"2024-11-06T12:54:32","modified_gmt":"2024-11-06T11:54:32","slug":"newyork","status":"publish","type":"page","link":"https:\/\/grupodanigarcia.com\/en\/newyork\/","title":{"rendered":"Dani Garcia&#8217;s New York Restaurants"},"content":{"rendered":"<p>&#8211;<\/p>\n","protected":false},"excerpt":{"rendered":"<p>&#8211;<\/p>\n","protected":false},"author":6,"featured_media":25480,"parent":22482,"menu_order":7,"comment_status":"closed","ping_status":"closed","template":"template-city.php","meta":{"inline_featured_image":false,"wprm-recipe-roundup-name":"","wprm-recipe-roundup-description":"","footnotes":""},"class_list":["post-22507","page","type-page","status-publish","has-post-thumbnail","hentry"],"acf":[],"yoast_head":"<!-- This site is optimized with the Yoast SEO plugin v21.7 - https:\/\/yoast.com\/wordpress\/plugins\/seo\/ -->\n<title>Dani Garcia&#039;s New York Restaurants | Grupo Dani Garc\u00eda<\/title>\n<meta name=\"description\" content=\"Restaurantes de Dani Garc\u00eda en la ciudad de Nueva York, donde podr\u00e1s encontrar la mejor oferta gastron\u00f3mica de la ciudad.\" \/>\n<meta name=\"robots\" content=\"index, follow, max-snippet:-1, max-image-preview:large, max-video-preview:-1\" \/>\n<link rel=\"canonical\" href=\"https:\/\/grupodanigarcia.com\/en\/newyork\/\" \/>\n<meta property=\"og:locale\" content=\"en_US\" \/>\n<meta property=\"og:type\" content=\"article\" \/>\n<meta property=\"og:title\" content=\"Dani Garcia&#039;s New York Restaurants | Grupo Dani Garc\u00eda\" \/>\n<meta property=\"og:description\" content=\"Restaurantes de Dani Garc\u00eda en la ciudad de Nueva York, donde podr\u00e1s encontrar la mejor oferta gastron\u00f3mica de la ciudad.\" \/>\n<meta property=\"og:url\" content=\"https:\/\/grupodanigarcia.com\/en\/newyork\/\" \/>\n<meta property=\"og:site_name\" content=\"Grupo Dani Garcia\" \/>\n<meta property=\"article:modified_time\" content=\"2024-11-06T11:54:32+00:00\" \/>\n<meta property=\"og:image\" content=\"https:\/\/grupodanigarcia.com\/wp-content\/uploads\/2024\/09\/New_York_City-scaled-1.jpg\" \/>\n\t<meta property=\"og:image:width\" content=\"1200\" \/>\n\t<meta property=\"og:image:height\" content=\"600\" \/>\n\t<meta property=\"og:image:type\" content=\"image\/jpeg\" \/>\n<meta name=\"twitter:card\" content=\"summary_large_image\" \/>\n<script type=\"application\/ld+json\" class=\"yoast-schema-graph\">{\"@context\":\"https:\/\/schema.org\",\"@graph\":[{\"@type\":\"WebPage\",\"@id\":\"https:\/\/grupodanigarcia.com\/en\/newyork\/\",\"url\":\"https:\/\/grupodanigarcia.com\/en\/newyork\/\",\"name\":\"Dani Garcia's New York Restaurants | Grupo Dani Garc\u00eda\",\"isPartOf\":{\"@id\":\"https:\/\/grupodanigarcia.com\/en\/#website\"},\"datePublished\":\"2023-12-05T12:07:48+00:00\",\"dateModified\":\"2024-11-06T11:54:32+00:00\",\"description\":\"Restaurantes de Dani Garc\u00eda en la ciudad de Nueva York, donde podr\u00e1s encontrar la mejor oferta gastron\u00f3mica de la ciudad.\",\"breadcrumb\":{\"@id\":\"https:\/\/grupodanigarcia.com\/en\/newyork\/#breadcrumb\"},\"inLanguage\":\"en-US\",\"potentialAction\":[{\"@type\":\"ReadAction\",\"target\":[\"https:\/\/grupodanigarcia.com\/en\/newyork\/\"]}]},{\"@type\":\"BreadcrumbList\",\"@id\":\"https:\/\/grupodanigarcia.com\/en\/newyork\/#breadcrumb\",\"itemListElement\":[{\"@type\":\"ListItem\",\"position\":1,\"name\":\"Portada\",\"item\":\"https:\/\/grupodanigarcia.com\/en\/\"},{\"@type\":\"ListItem\",\"position\":2,\"name\":\"Cities\",\"item\":\"https:\/\/grupodanigarcia.com\/en\/cities\/\"},{\"@type\":\"ListItem\",\"position\":3,\"name\":\"Dani Garcia&#8217;s New York Restaurants\"}]},{\"@type\":\"WebSite\",\"@id\":\"https:\/\/grupodanigarcia.com\/en\/#website\",\"url\":\"https:\/\/grupodanigarcia.com\/en\/\",\"name\":\"Grupo Dani Garcia\",\"description\":\"Grupo Dani Garcia\",\"potentialAction\":[{\"@type\":\"SearchAction\",\"target\":{\"@type\":\"EntryPoint\",\"urlTemplate\":\"https:\/\/grupodanigarcia.com\/en\/?s={search_term_string}\"},\"query-input\":\"required name=search_term_string\"}],\"inLanguage\":\"en-US\"}]}<\/script>\n<!-- \/ Yoast SEO plugin. -->","yoast_head_json":{"title":"Dani Garcia's New York Restaurants | Grupo Dani Garc\u00eda","description":"Restaurantes de Dani Garc\u00eda en la ciudad de Nueva York, donde podr\u00e1s encontrar la mejor oferta gastron\u00f3mica de la ciudad.","robots":{"index":"index","follow":"follow","max-snippet":"max-snippet:-1","max-image-preview":"max-image-preview:large","max-video-preview":"max-video-preview:-1"},"canonical":"https:\/\/grupodanigarcia.com\/en\/newyork\/","og_locale":"en_US","og_type":"article","og_title":"Dani Garcia's New York Restaurants | Grupo Dani Garc\u00eda","og_description":"Restaurantes de Dani Garc\u00eda en la ciudad de Nueva York, donde podr\u00e1s encontrar la mejor oferta gastron\u00f3mica de la ciudad.","og_url":"https:\/\/grupodanigarcia.com\/en\/newyork\/","og_site_name":"Grupo Dani Garcia","article_modified_time":"2024-11-06T11:54:32+00:00","og_image":[{"width":1200,"height":600,"url":"https:\/\/grupodanigarcia.com\/wp-content\/uploads\/2024\/09\/New_York_City-scaled-1.jpg","type":"image\/jpeg"}],"twitter_card":"summary_large_image","schema":{"@context":"https:\/\/schema.org","@graph":[{"@type":"WebPage","@id":"https:\/\/grupodanigarcia.com\/en\/newyork\/","url":"https:\/\/grupodanigarcia.com\/en\/newyork\/","name":"Dani Garcia's New York Restaurants | Grupo Dani Garc\u00eda","isPartOf":{"@id":"https:\/\/grupodanigarcia.com\/en\/#website"},"datePublished":"2023-12-05T12:07:48+00:00","dateModified":"2024-11-06T11:54:32+00:00","description":"Restaurantes de Dani Garc\u00eda en la ciudad de Nueva York, donde podr\u00e1s encontrar la mejor oferta gastron\u00f3mica de la ciudad.","breadcrumb":{"@id":"https:\/\/grupodanigarcia.com\/en\/newyork\/#breadcrumb"},"inLanguage":"en-US","potentialAction":[{"@type":"ReadAction","target":["https:\/\/grupodanigarcia.com\/en\/newyork\/"]}]},{"@type":"BreadcrumbList","@id":"https:\/\/grupodanigarcia.com\/en\/newyork\/#breadcrumb","itemListElement":[{"@type":"ListItem","position":1,"name":"Portada","item":"https:\/\/grupodanigarcia.com\/en\/"},{"@type":"ListItem","position":2,"name":"Cities","item":"https:\/\/grupodanigarcia.com\/en\/cities\/"},{"@type":"ListItem","position":3,"name":"Dani Garcia&#8217;s New York Restaurants"}]},{"@type":"WebSite","@id":"https:\/\/grupodanigarcia.com\/en\/#website","url":"https:\/\/grupodanigarcia.com\/en\/","name":"Grupo Dani Garcia","description":"Grupo Dani Garcia","potentialAction":[{"@type":"SearchAction","target":{"@type":"EntryPoint","urlTemplate":"https:\/\/grupodanigarcia.com\/en\/?s={search_term_string}"},"query-input":"required name=search_term_string"}],"inLanguage":"en-US"}]}},"_links":{"self":[{"href":"https:\/\/grupodanigarcia.com\/en\/wp-json\/wp\/v2\/pages\/22507","targetHints":{"allow":["GET"]}}],"collection":[{"href":"https:\/\/grupodanigarcia.com\/en\/wp-json\/wp\/v2\/pages"}],"about":[{"href":"https:\/\/grupodanigarcia.com\/en\/wp-json\/wp\/v2\/types\/page"}],"author":[{"embeddable":true,"href":"https:\/\/grupodanigarcia.com\/en\/wp-json\/wp\/v2\/users\/6"}],"replies":[{"embeddable":true,"href":"https:\/\/grupodanigarcia.com\/en\/wp-json\/wp\/v2\/comments?post=22507"}],"version-history":[{"count":5,"href":"https:\/\/grupodanigarcia.com\/en\/wp-json\/wp\/v2\/pages\/22507\/revisions"}],"predecessor-version":[{"id":26244,"href":"https:\/\/grupodanigarcia.com\/en\/wp-json\/wp\/v2\/pages\/22507\/revisions\/26244"}],"up":[{"embeddable":true,"href":"https:\/\/grupodanigarcia.com\/en\/wp-json\/wp\/v2\/pages\/22482"}],"wp:featuredmedia":[{"embeddable":true,"href":"https:\/\/grupodanigarcia.com\/en\/wp-json\/wp\/v2\/media\/25480"}],"wp:attachment":[{"href":"https:\/\/grupodanigarcia.com\/en\/wp-json\/wp\/v2\/media?parent=22507"}],"curies":[{"name":"wp","href":"https:\/\/api.w.org\/{rel}","templated":true}]}}