{"id":25492,"date":"2024-09-09T10:38:19","date_gmt":"2024-09-09T09:38:19","guid":{"rendered":"https:\/\/grupodanigarcia.com\/cities\/barcelona\/"},"modified":"2026-02-16T09:49:08","modified_gmt":"2026-02-16T08:49:08","slug":"barcelona","status":"publish","type":"page","link":"https:\/\/grupodanigarcia.com\/en\/barcelona\/","title":{"rendered":"DANI GARC\u00cdA&#8217;S RESTAURANTS IN BARCELONA"},"content":{"rendered":"<p>&#8211;<\/p>\n","protected":false},"excerpt":{"rendered":"<p>&#8211;<\/p>\n","protected":false},"author":6,"featured_media":25485,"parent":22482,"menu_order":1,"comment_status":"closed","ping_status":"closed","template":"template-city.php","meta":{"inline_featured_image":false,"wprm-recipe-roundup-name":"","wprm-recipe-roundup-description":"","footnotes":""},"class_list":["post-25492","page","type-page","status-publish","has-post-thumbnail","hentry"],"acf":[],"yoast_head":"<!-- This site is optimized with the Yoast SEO plugin v21.7 - https:\/\/yoast.com\/wordpress\/plugins\/seo\/ -->\n<title>Restaurantes en Barcelona | Grupo Dani Garc\u00eda<\/title>\n<meta name=\"description\" content=\"Restaurantes en Barcelona del chef Dani Garc\u00eda. Disfruta de Le\u00f1a\" \/>\n<meta name=\"robots\" content=\"index, follow, max-snippet:-1, max-image-preview:large, max-video-preview:-1\" \/>\n<link rel=\"canonical\" href=\"https:\/\/grupodanigarcia.com\/en\/barcelona\/\" \/>\n<meta property=\"og:locale\" content=\"en_US\" \/>\n<meta property=\"og:type\" content=\"article\" \/>\n<meta property=\"og:title\" content=\"Restaurantes en Barcelona | Grupo Dani Garc\u00eda\" \/>\n<meta property=\"og:description\" content=\"Restaurantes en Barcelona del chef Dani Garc\u00eda. Disfruta de Le\u00f1a\" \/>\n<meta property=\"og:url\" content=\"https:\/\/grupodanigarcia.com\/en\/barcelona\/\" \/>\n<meta property=\"og:site_name\" content=\"Grupo Dani Garcia\" \/>\n<meta property=\"article:modified_time\" content=\"2026-02-16T08:49:08+00:00\" \/>\n<meta property=\"og:image\" content=\"https:\/\/grupodanigarcia.com\/wp-content\/uploads\/2024\/09\/que-visitar-en-barcelona-1.jpg\" \/>\n\t<meta property=\"og:image:width\" content=\"1376\" \/>\n\t<meta property=\"og:image:height\" content=\"600\" \/>\n\t<meta property=\"og:image:type\" content=\"image\/jpeg\" \/>\n<meta name=\"twitter:card\" content=\"summary_large_image\" \/>\n<script type=\"application\/ld+json\" class=\"yoast-schema-graph\">{\"@context\":\"https:\/\/schema.org\",\"@graph\":[{\"@type\":\"WebPage\",\"@id\":\"https:\/\/grupodanigarcia.com\/en\/barcelona\/\",\"url\":\"https:\/\/grupodanigarcia.com\/en\/barcelona\/\",\"name\":\"Restaurantes en Barcelona | Grupo Dani Garc\u00eda\",\"isPartOf\":{\"@id\":\"https:\/\/grupodanigarcia.com\/en\/#website\"},\"datePublished\":\"2024-09-09T09:38:19+00:00\",\"dateModified\":\"2026-02-16T08:49:08+00:00\",\"description\":\"Restaurantes en Barcelona del chef Dani Garc\u00eda. Disfruta de Le\u00f1a\",\"breadcrumb\":{\"@id\":\"https:\/\/grupodanigarcia.com\/en\/barcelona\/#breadcrumb\"},\"inLanguage\":\"en-US\",\"potentialAction\":[{\"@type\":\"ReadAction\",\"target\":[\"https:\/\/grupodanigarcia.com\/en\/barcelona\/\"]}]},{\"@type\":\"BreadcrumbList\",\"@id\":\"https:\/\/grupodanigarcia.com\/en\/barcelona\/#breadcrumb\",\"itemListElement\":[{\"@type\":\"ListItem\",\"position\":1,\"name\":\"Portada\",\"item\":\"https:\/\/grupodanigarcia.com\/en\/\"},{\"@type\":\"ListItem\",\"position\":2,\"name\":\"Cities\",\"item\":\"https:\/\/grupodanigarcia.com\/en\/cities\/\"},{\"@type\":\"ListItem\",\"position\":3,\"name\":\"DANI GARC\u00cdA&#8217;S RESTAURANTS IN BARCELONA\"}]},{\"@type\":\"WebSite\",\"@id\":\"https:\/\/grupodanigarcia.com\/en\/#website\",\"url\":\"https:\/\/grupodanigarcia.com\/en\/\",\"name\":\"Grupo Dani Garcia\",\"description\":\"Grupo Dani Garcia\",\"potentialAction\":[{\"@type\":\"SearchAction\",\"target\":{\"@type\":\"EntryPoint\",\"urlTemplate\":\"https:\/\/grupodanigarcia.com\/en\/?s={search_term_string}\"},\"query-input\":\"required name=search_term_string\"}],\"inLanguage\":\"en-US\"}]}<\/script>\n<!-- \/ Yoast SEO plugin. -->","yoast_head_json":{"title":"Restaurantes en Barcelona | Grupo Dani Garc\u00eda","description":"Restaurantes en Barcelona del chef Dani Garc\u00eda. Disfruta de Le\u00f1a","robots":{"index":"index","follow":"follow","max-snippet":"max-snippet:-1","max-image-preview":"max-image-preview:large","max-video-preview":"max-video-preview:-1"},"canonical":"https:\/\/grupodanigarcia.com\/en\/barcelona\/","og_locale":"en_US","og_type":"article","og_title":"Restaurantes en Barcelona | Grupo Dani Garc\u00eda","og_description":"Restaurantes en Barcelona del chef Dani Garc\u00eda. Disfruta de Le\u00f1a","og_url":"https:\/\/grupodanigarcia.com\/en\/barcelona\/","og_site_name":"Grupo Dani Garcia","article_modified_time":"2026-02-16T08:49:08+00:00","og_image":[{"width":1376,"height":600,"url":"https:\/\/grupodanigarcia.com\/wp-content\/uploads\/2024\/09\/que-visitar-en-barcelona-1.jpg","type":"image\/jpeg"}],"twitter_card":"summary_large_image","schema":{"@context":"https:\/\/schema.org","@graph":[{"@type":"WebPage","@id":"https:\/\/grupodanigarcia.com\/en\/barcelona\/","url":"https:\/\/grupodanigarcia.com\/en\/barcelona\/","name":"Restaurantes en Barcelona | Grupo Dani Garc\u00eda","isPartOf":{"@id":"https:\/\/grupodanigarcia.com\/en\/#website"},"datePublished":"2024-09-09T09:38:19+00:00","dateModified":"2026-02-16T08:49:08+00:00","description":"Restaurantes en Barcelona del chef Dani Garc\u00eda. Disfruta de Le\u00f1a","breadcrumb":{"@id":"https:\/\/grupodanigarcia.com\/en\/barcelona\/#breadcrumb"},"inLanguage":"en-US","potentialAction":[{"@type":"ReadAction","target":["https:\/\/grupodanigarcia.com\/en\/barcelona\/"]}]},{"@type":"BreadcrumbList","@id":"https:\/\/grupodanigarcia.com\/en\/barcelona\/#breadcrumb","itemListElement":[{"@type":"ListItem","position":1,"name":"Portada","item":"https:\/\/grupodanigarcia.com\/en\/"},{"@type":"ListItem","position":2,"name":"Cities","item":"https:\/\/grupodanigarcia.com\/en\/cities\/"},{"@type":"ListItem","position":3,"name":"DANI GARC\u00cdA&#8217;S RESTAURANTS IN BARCELONA"}]},{"@type":"WebSite","@id":"https:\/\/grupodanigarcia.com\/en\/#website","url":"https:\/\/grupodanigarcia.com\/en\/","name":"Grupo Dani Garcia","description":"Grupo Dani Garcia","potentialAction":[{"@type":"SearchAction","target":{"@type":"EntryPoint","urlTemplate":"https:\/\/grupodanigarcia.com\/en\/?s={search_term_string}"},"query-input":"required name=search_term_string"}],"inLanguage":"en-US"}]}},"_links":{"self":[{"href":"https:\/\/grupodanigarcia.com\/en\/wp-json\/wp\/v2\/pages\/25492","targetHints":{"allow":["GET"]}}],"collection":[{"href":"https:\/\/grupodanigarcia.com\/en\/wp-json\/wp\/v2\/pages"}],"about":[{"href":"https:\/\/grupodanigarcia.com\/en\/wp-json\/wp\/v2\/types\/page"}],"author":[{"embeddable":true,"href":"https:\/\/grupodanigarcia.com\/en\/wp-json\/wp\/v2\/users\/6"}],"replies":[{"embeddable":true,"href":"https:\/\/grupodanigarcia.com\/en\/wp-json\/wp\/v2\/comments?post=25492"}],"version-history":[{"count":7,"href":"https:\/\/grupodanigarcia.com\/en\/wp-json\/wp\/v2\/pages\/25492\/revisions"}],"predecessor-version":[{"id":26479,"href":"https:\/\/grupodanigarcia.com\/en\/wp-json\/wp\/v2\/pages\/25492\/revisions\/26479"}],"up":[{"embeddable":true,"href":"https:\/\/grupodanigarcia.com\/en\/wp-json\/wp\/v2\/pages\/22482"}],"wp:featuredmedia":[{"embeddable":true,"href":"https:\/\/grupodanigarcia.com\/en\/wp-json\/wp\/v2\/media\/25485"}],"wp:attachment":[{"href":"https:\/\/grupodanigarcia.com\/en\/wp-json\/wp\/v2\/media?parent=25492"}],"curies":[{"name":"wp","href":"https:\/\/api.w.org\/{rel}","templated":true}]}}